{"id":49,"date":"2024-11-25T12:35:06","date_gmt":"2024-11-25T11:35:06","guid":{"rendered":"http:\/\/lesserc.cluster027.hosting.ovh.net\/?page_id=49"},"modified":"2024-11-29T10:47:37","modified_gmt":"2024-11-29T09:47:37","slug":"politique-de-confidentialite","status":"publish","type":"page","link":"https:\/\/lesserresdenoisy.com\/index.php\/politique-de-confidentialite\/","title":{"rendered":"Politique de confidentialit\u00e9"},"content":{"rendered":"\n<h2 class=\"wp-block-heading has-medium-font-size\"><strong>1. G\u00e9n\u00e9ralit\u00e9s<\/strong><\/h2>\n\n\n\n<p class=\"has-black-color has-text-color has-link-color has-small-font-size wp-elements-6e0f0b0ef799e3977991a2007a240fcd\">Les Serres de Noisy attache une grande importance \u00e0 la protection et au respect de vos donn\u00e9es personnelles et de votre vie priv\u00e9e par la pr\u00e9sente politique de protection des donn\u00e9es personnelles et vie priv\u00e9e. Ci-apr\u00e8s &nbsp;\u00bb Politique &nbsp;\u00bb pr\u00e9sente la mani\u00e8re dont nous traitons les donn\u00e9es \u00e0 caract\u00e8re personnel que les Serres de Noisy recueille et\/ou sont communiqu\u00e9es par vous \u00e0 l\u2019occasion des relations mise en oeuvre \u00e0 partir de notre Site internet ou d\u00e9coulant des relations contractuelles nous liant.<br>Par la pr\u00e9sente, Les Serres de Noisy vous informe de nos pratiques concernant la collecte, l\u2019utilisation et le stockage des donn\u00e9es que nous recueillons. Nous vous invitons \u00e0 lire attentivement la pr\u00e9sente politique de confidentialit\u00e9 pour conna\u00eetre et comprendre les pratiques que nous mettons en oeuvre quant au traitement de vos donn\u00e9es. Cette politique de confidentialit\u00e9 s\u2019applique en compl\u00e9ment des dispositions des Conditions G\u00e9n\u00e9rales d\u2019Utilisation de notre site et de nos Services.<\/p>\n\n\n\n<h2 class=\"wp-block-heading has-medium-font-size\"><strong>2. Quelles sont les finalit\u00e9s du Traitement de vos Donn\u00e9es Personnelles&nbsp;<\/strong><strong><\/strong><\/h2>\n\n\n\n<p class=\"has-black-color has-text-color has-link-color has-small-font-size wp-elements-09b59de1cb74f6b6d6f6e67bd83e27cc\">Par ailleurs, afin de proposer \u00e0 nos clients un acc\u00e8s \u00e0 nos services, et pour nous permettre d\u2019\u00e9valuer et d\u2019am\u00e9liorer nos services, nous sommes amen\u00e9s \u00e0 collecter des donn\u00e9es vous concernant. Dans ce cadre, nous vous informons que vos donn\u00e9es font l\u2019objet d\u2019un traitement automatis\u00e9 bas\u00e9 sur l\u2019acceptation de l\u2019acceptation de la pr\u00e9sente politique, aux fins suivantes :<br><br>\u2013 ce site est une page de pr\u00e9sentation destin\u00e9e \u00e0 vous informer sur les services et tarifs propos\u00e9s en relation avec mon activit\u00e9. Aucune donn\u00e9e personnelle ne sera enregistr\u00e9 \u00e0 des fins autres qu\u2019au bon d\u00e9roulement de la r\u00e9alisation des prestations demand\u00e9es.<br>\u2013 les informations personnelles : Nom, Pr\u00e9nom, Adresse, E-mail. On recueille vos informations par formulaire de contact ou demande d\u2019informations. Nous recueillons ces informations pour r\u00e9pondre au mieux \u00e0 vos demandes, et pour faciliter la prise de rendez-vous. Aucun partage d\u2019informations personnelles. Les informations personnelles ne sont pas stock\u00e9es, elles serviront simplement au bon d\u00e9roulement de la prise de rendez-vous, et pour la facturation des prestations r\u00e9alis\u00e9es. Les informations seront conserv\u00e9es de la prise du rendez-vous jusqu\u2019\u00e0 la facturation. Elles sont prot\u00e9g\u00e9es et stock\u00e9es sur ma boite mail sp\u00e9cialement d\u00e9di\u00e9es \u00e0 la soci\u00e9t\u00e9.<\/p>\n\n\n\n<h2 class=\"wp-block-heading has-medium-font-size\"><strong>3. Qui sommes-nous ?<\/strong><\/h2>\n\n\n\n<p class=\"has-black-color has-text-color has-link-color has-small-font-size wp-elements-8be9560023067d8312653848ccd8f455\">L\u2019adresse de notre site est : www.lesserresdenoisy.com<\/p>\n\n\n\n<h2 class=\"wp-block-heading has-medium-font-size\"><strong>4. Cookies<\/strong><\/h2>\n\n\n\n<p class=\"has-black-color has-text-color has-link-color has-small-font-size wp-elements-1ef5489910a49f8cd4c511a6061bc3c1\">Si vous remplissez un formulaire de contact sur notre site, il vous sera propos\u00e9 d\u2019enregistrer votre nom, adresse e-mail et site dans des cookies. En effet, c\u2019est uniquement pour votre confort afin de ne pas avoir \u00e0 saisir ces informations si vous souhaitez nous recontacter plus tard. Ces cookies expirent au bout d\u2019un an.<\/p>\n\n\n\n<h1 class=\"wp-block-heading has-text-align-center has-large-font-size\">Politique en mati\u00e8re de cookies<\/h1>\n\n\n\n<h2 class=\"wp-block-heading has-medium-font-size\"><strong>1. Qu\u2019est-ce qu\u2019un cookie ?<\/strong><\/h2>\n\n\n\n<p class=\"has-black-color has-text-color has-link-color has-small-font-size wp-elements-a6027d2436101b8f78ed6827b973cd33\">Un cookie est un petit fichier constitu\u00e9 de lettres et de chiffres et t\u00e9l\u00e9charg\u00e9 sur votre ordinateur lorsque vous acc\u00e9dez \u00e0 certains sites web. En g\u00e9n\u00e9ral, les cookies permettent \u00e0 un site web de reconna\u00eetre l\u2019ordinateur de l\u2019utilisateur.<br>\u200bLa chose la plus importante \u00e0 savoir sur les cookies que nous pla\u00e7ons est qu\u2019ils servent \u00e0 am\u00e9liorer la convivialit\u00e9 de notre site web, par exemple en m\u00e9morisant les pr\u00e9f\u00e9rences du site et les param\u00e8tres linguistiques.<\/p>\n\n\n\n<h2 class=\"wp-block-heading has-black-color has-text-color has-link-color has-medium-font-size wp-elements-ae2c0459f53eaa0e1694b067521e6411\"><strong>2. Pourquoi utilisons-nous des cookies ?<\/strong><\/h2>\n\n\n\n<p class=\"has-black-color has-text-color has-link-color has-small-font-size wp-elements-f71d23a5af524595983ffd25c8965277\">Nous pouvons utiliser des cookies et d\u2019autres technologies similaires pour un certain nombre de raisons, par exemple pour :&nbsp;<br>\u2013 des besoins de s\u00e9curit\u00e9 ou de protection contre la fraude, et afin d\u2019identifier et de pr\u00e9venir les cyber-attaques,&nbsp;<br>\u2013 vous fournir le service que vous avez choisi de recevoir de notre part,&nbsp;<br>\u2013 contr\u00f4ler et analyser les performances, le fonctionnement et l\u2019efficacit\u00e9 de notre service et&nbsp;<br>\u2013 d\u2019am\u00e9liorer votre exp\u00e9rience utilisateur.<\/p>\n\n\n\n<h2 class=\"wp-block-heading has-medium-font-size\"><strong>3. Vos choix :<\/strong><\/h2>\n\n\n\n<p class=\"has-black-color has-text-color has-link-color has-small-font-size wp-elements-11c6d8ddc27c2cf381546132b418c35d\">our en savoir plus sur les cookies, notamment sur la mani\u00e8re de voir quels cookies ont \u00e9t\u00e9 d\u00e9finis et de comprendre comment les g\u00e9rer, les supprimer ou les bloquer, visitez&nbsp;<a href=\"https:\/\/aboutcookies.org\/\">https:\/\/aboutcookies.org\/<\/a>&nbsp;ou&nbsp;<a href=\"https:\/\/www.allaboutcookies.org\/fr\/\">https:\/\/www.allaboutcookies.org\/fr\/.<\/a><\/p>\n\n\n\n<p class=\"has-black-color has-text-color has-link-color has-small-font-size wp-elements-9340fe2361822a50f47664c121aa2dc8\">Il est \u00e9galement possible d\u2019emp\u00eacher votre navigateur d\u2019accepter les cookies en modifiant les param\u00e8tres concern\u00e9s dans votre navigateur. Vous pouvez g\u00e9n\u00e9ralement trouver ces param\u00e8tres dans le menu \u00ab Options \u00bb ou \u00ab Pr\u00e9f\u00e9rences \u00bb de votre navigateur.<\/p>\n\n\n\n<p class=\"has-black-color has-text-color has-link-color has-small-font-size wp-elements-c9771272c35f91be789c2b186bfee9bc\">Veuillez noter que la suppression de nos cookies ou la d\u00e9sactivation de futurs cookies ou technologies de suivi pourront vous emp\u00eacher d\u2019acc\u00e9der \u00e0 certaines zones ou fonctionnalit\u00e9s de nos services, ou pourront autrement affecter n\u00e9gativement votre exp\u00e9rience d\u2019utilisateur.<\/p>\n\n\n\n<p class=\"has-black-color has-text-color has-link-color has-small-font-size wp-elements-cdce2933ecb34f7e93bb7fbbdac3dc4d\">Les liens suivants peuvent \u00eatre utiles, ou vous pouvez utiliser l\u2019option \u00ab Aide \u00bb de votre navigateur.<\/p>\n\n\n\n<p class=\"has-black-color has-text-color has-link-color has-small-font-size wp-elements-b8968e31e5b5340b65316fa34bfc27e4\"><a href=\"https:\/\/support.mozilla.org\/fr\/kb\/cookies-informations-sites-enregistrent\">Param\u00e8tres des cookies dans Firefox<br><\/a><a href=\"https:\/\/support.microsoft.com\/fr-fr\/windows\/g%C3%A9rer-les-cookies-dans-microsoft-edge-afficher-autoriser-bloquer-supprimer-et-utiliser-168dab11-0753-043d-7c16-ede5947fc64d\">Param\u00e8tres des cookies dans Microsoft<br><\/a><a href=\"https:\/\/support.google.com\/chrome\/answer\/95647?hl=fr&amp;co=GENIE.Platform%3DDesktop\">Param\u00e8tres des cookies dans Google Chrome<br><\/a><a href=\"https:\/\/support.apple.com\/fr-mu\/guide\/safari\/sfri11471\/mac\">Param\u00e8tres des cookies dans Safari (OS X)<br><\/a><a href=\"https:\/\/www.apple.com\/legal\/privacy\/fr-ww\/cookies\/#:~:text=Si%20vous%20souhaitez%20d%C3%A9sactiver%20les,puis%20dans%20la%20section%20Cookies.\">Param\u00e8tres des cookies dans Safari (iOS)<br><\/a><a href=\"https:\/\/support.google.com\/accounts\/answer\/61416?hl=fr&amp;co=GENIE.Platform%3DAndroid\">Param\u00e8tres des cookies dans Android<br><\/a>\u200b<br>Pour refuser et emp\u00eacher que vos donn\u00e9es soient utilis\u00e9es par Google Analytics sur tous les sites web, consultez les instructions suivantes :<a href=\"https:\/\/tools.google.com\/dlpage\/gaoptout?hl=fr.\">&nbsp;https:\/\/tools.google.com\/dlpage\/gaoptout?hl=fr.<\/a><br>\u200b<br>Il se peut que nous modifiions cette politique de confidentialit\u00e9. Nous vous encourageons \u00e0 consulter r\u00e9guli\u00e8rement cette page de confidentialit\u00e9 pour obtenir les derni\u00e8res informations sur les cookies.<\/p>\n\n\n\n<div style=\"height:50px\" aria-hidden=\"true\" class=\"wp-block-spacer\"><\/div>\n\n\n\n<div class=\"wp-block-buttons is-content-justification-center is-layout-flex wp-container-core-buttons-is-layout-a89b3969 wp-block-buttons-is-layout-flex\">\n<div class=\"wp-block-button\"><a class=\"wp-block-button__link wp-element-button\" href=\"https:\/\/lesserresdenoisy.com\/index.php\/mentions-legales\/\"><strong>Mentions L\u00e9gales et CGU<\/strong><\/a><\/div>\n<\/div>\n","protected":false},"excerpt":{"rendered":"<p>1. G\u00e9n\u00e9ralit\u00e9s Les Serres de Noisy attache une grande importance \u00e0 la protection et au respect de vos donn\u00e9es personnelles [&hellip;]<\/p>\n","protected":false},"author":1,"featured_media":0,"parent":0,"menu_order":0,"comment_status":"closed","ping_status":"closed","template":"","meta":{"_eb_attr":"","site-sidebar-layout":"default","site-content-layout":"","ast-site-content-layout":"","site-content-style":"default","site-sidebar-style":"default","ast-global-header-display":"","ast-banner-title-visibility":"","ast-main-header-display":"","ast-hfb-above-header-display":"","ast-hfb-below-header-display":"","ast-hfb-mobile-header-display":"","site-post-title":"","ast-breadcrumbs-content":"","ast-featured-img":"","footer-sml-layout":"","theme-transparent-header-meta":"","adv-header-id-meta":"","stick-header-meta":"","header-above-stick-meta":"","header-main-stick-meta":"","header-below-stick-meta":"","astra-migrate-meta-layouts":"default","ast-page-background-enabled":"default","ast-page-background-meta":{"desktop":{"background-color":"var(--ast-global-color-4)","background-image":"","background-repeat":"repeat","background-position":"center center","background-size":"auto","background-attachment":"scroll","background-type":"","background-media":"","overlay-type":"","overlay-color":"","overlay-opacity":"","overlay-gradient":""},"tablet":{"background-color":"","background-image":"","background-repeat":"repeat","background-position":"center center","background-size":"auto","background-attachment":"scroll","background-type":"","background-media":"","overlay-type":"","overlay-color":"","overlay-opacity":"","overlay-gradient":""},"mobile":{"background-color":"","background-image":"","background-repeat":"repeat","background-position":"center center","background-size":"auto","background-attachment":"scroll","background-type":"","background-media":"","overlay-type":"","overlay-color":"","overlay-opacity":"","overlay-gradient":""}},"ast-content-background-meta":{"desktop":{"background-color":"var(--ast-global-color-5)","background-image":"","background-repeat":"repeat","background-position":"center center","background-size":"auto","background-attachment":"scroll","background-type":"","background-media":"","overlay-type":"","overlay-color":"","overlay-opacity":"","overlay-gradient":""},"tablet":{"background-color":"var(--ast-global-color-5)","background-image":"","background-repeat":"repeat","background-position":"center center","background-size":"auto","background-attachment":"scroll","background-type":"","background-media":"","overlay-type":"","overlay-color":"","overlay-opacity":"","overlay-gradient":""},"mobile":{"background-color":"var(--ast-global-color-5)","background-image":"","background-repeat":"repeat","background-position":"center center","background-size":"auto","background-attachment":"scroll","background-type":"","background-media":"","overlay-type":"","overlay-color":"","overlay-opacity":"","overlay-gradient":""}},"footnotes":""},"class_list":["post-49","page","type-page","status-publish","hentry"],"yoast_head":"<!-- This site is optimized with the Yoast SEO plugin v25.9 - https:\/\/yoast.com\/wordpress\/plugins\/seo\/ -->\n<title>Politique de confidentialit\u00e9 - Les Serres de Noisy<\/title>\n<meta name=\"description\" content=\"D\u00e9couvrez notre politique de confidentialit\u00e9 : nous nous engageons \u00e0 garantir la s\u00e9curit\u00e9 et la transparence de vos informations.\" \/>\n<meta name=\"robots\" content=\"index, follow, max-snippet:-1, max-image-preview:large, max-video-preview:-1\" \/>\n<link rel=\"canonical\" href=\"https:\/\/lesserresdenoisy.com\/index.php\/politique-de-confidentialite\/\" \/>\n<meta property=\"og:locale\" content=\"fr_FR\" \/>\n<meta property=\"og:type\" content=\"article\" \/>\n<meta property=\"og:title\" content=\"Politique de confidentialit\u00e9 - Les Serres de Noisy\" \/>\n<meta property=\"og:description\" content=\"D\u00e9couvrez notre politique de confidentialit\u00e9 : nous nous engageons \u00e0 garantir la s\u00e9curit\u00e9 et la transparence de vos informations.\" \/>\n<meta property=\"og:url\" content=\"https:\/\/lesserresdenoisy.com\/index.php\/politique-de-confidentialite\/\" \/>\n<meta property=\"og:site_name\" content=\"Les Serres de Noisy\" \/>\n<meta property=\"article:publisher\" content=\"https:\/\/www.facebook.com\/lesserresdenoisy\" \/>\n<meta property=\"article:modified_time\" content=\"2024-11-29T09:47:37+00:00\" \/>\n<meta name=\"twitter:card\" content=\"summary_large_image\" \/>\n<meta name=\"twitter:label1\" content=\"Dur\u00e9e de lecture estim\u00e9e\" \/>\n\t<meta name=\"twitter:data1\" content=\"5 minutes\" \/>\n<script type=\"application\/ld+json\" class=\"yoast-schema-graph\">{\"@context\":\"https:\/\/schema.org\",\"@graph\":[{\"@type\":\"WebPage\",\"@id\":\"https:\/\/lesserresdenoisy.com\/index.php\/politique-de-confidentialite\/\",\"url\":\"https:\/\/lesserresdenoisy.com\/index.php\/politique-de-confidentialite\/\",\"name\":\"Politique de confidentialit\u00e9 - Les Serres de Noisy\",\"isPartOf\":{\"@id\":\"https:\/\/lesserresdenoisy.com\/#website\"},\"datePublished\":\"2024-11-25T11:35:06+00:00\",\"dateModified\":\"2024-11-29T09:47:37+00:00\",\"description\":\"D\u00e9couvrez notre politique de confidentialit\u00e9 : nous nous engageons \u00e0 garantir la s\u00e9curit\u00e9 et la transparence de vos informations.\",\"breadcrumb\":{\"@id\":\"https:\/\/lesserresdenoisy.com\/index.php\/politique-de-confidentialite\/#breadcrumb\"},\"inLanguage\":\"fr-FR\",\"potentialAction\":[{\"@type\":\"ReadAction\",\"target\":[\"https:\/\/lesserresdenoisy.com\/index.php\/politique-de-confidentialite\/\"]}]},{\"@type\":\"BreadcrumbList\",\"@id\":\"https:\/\/lesserresdenoisy.com\/index.php\/politique-de-confidentialite\/#breadcrumb\",\"itemListElement\":[{\"@type\":\"ListItem\",\"position\":1,\"name\":\"Accueil\",\"item\":\"https:\/\/lesserresdenoisy.com\/\"},{\"@type\":\"ListItem\",\"position\":2,\"name\":\"Politique de confidentialit\u00e9\"}]},{\"@type\":\"WebSite\",\"@id\":\"https:\/\/lesserresdenoisy.com\/#website\",\"url\":\"https:\/\/lesserresdenoisy.com\/\",\"name\":\"Les Serres de Noisy\",\"description\":\"Producteur \u00e0 votre service\",\"publisher\":{\"@id\":\"https:\/\/lesserresdenoisy.com\/#organization\"},\"potentialAction\":[{\"@type\":\"SearchAction\",\"target\":{\"@type\":\"EntryPoint\",\"urlTemplate\":\"https:\/\/lesserresdenoisy.com\/?s={search_term_string}\"},\"query-input\":{\"@type\":\"PropertyValueSpecification\",\"valueRequired\":true,\"valueName\":\"search_term_string\"}}],\"inLanguage\":\"fr-FR\"},{\"@type\":\"Organization\",\"@id\":\"https:\/\/lesserresdenoisy.com\/#organization\",\"name\":\"Les Serres de Noisy\",\"url\":\"https:\/\/lesserresdenoisy.com\/\",\"logo\":{\"@type\":\"ImageObject\",\"inLanguage\":\"fr-FR\",\"@id\":\"https:\/\/lesserresdenoisy.com\/#\/schema\/logo\/image\/\",\"url\":\"https:\/\/lesserresdenoisy.com\/wp-content\/uploads\/2024\/11\/cropped-cropped-7-1.png\",\"contentUrl\":\"https:\/\/lesserresdenoisy.com\/wp-content\/uploads\/2024\/11\/cropped-cropped-7-1.png\",\"width\":292,\"height\":283,\"caption\":\"Les Serres de Noisy\"},\"image\":{\"@id\":\"https:\/\/lesserresdenoisy.com\/#\/schema\/logo\/image\/\"},\"sameAs\":[\"https:\/\/www.facebook.com\/lesserresdenoisy\"]}]}<\/script>\n<!-- \/ Yoast SEO plugin. -->","yoast_head_json":{"title":"Politique de confidentialit\u00e9 - Les Serres de Noisy","description":"D\u00e9couvrez notre politique de confidentialit\u00e9 : nous nous engageons \u00e0 garantir la s\u00e9curit\u00e9 et la transparence de vos informations.","robots":{"index":"index","follow":"follow","max-snippet":"max-snippet:-1","max-image-preview":"max-image-preview:large","max-video-preview":"max-video-preview:-1"},"canonical":"https:\/\/lesserresdenoisy.com\/index.php\/politique-de-confidentialite\/","og_locale":"fr_FR","og_type":"article","og_title":"Politique de confidentialit\u00e9 - Les Serres de Noisy","og_description":"D\u00e9couvrez notre politique de confidentialit\u00e9 : nous nous engageons \u00e0 garantir la s\u00e9curit\u00e9 et la transparence de vos informations.","og_url":"https:\/\/lesserresdenoisy.com\/index.php\/politique-de-confidentialite\/","og_site_name":"Les Serres de Noisy","article_publisher":"https:\/\/www.facebook.com\/lesserresdenoisy","article_modified_time":"2024-11-29T09:47:37+00:00","twitter_card":"summary_large_image","twitter_misc":{"Dur\u00e9e de lecture estim\u00e9e":"5 minutes"},"schema":{"@context":"https:\/\/schema.org","@graph":[{"@type":"WebPage","@id":"https:\/\/lesserresdenoisy.com\/index.php\/politique-de-confidentialite\/","url":"https:\/\/lesserresdenoisy.com\/index.php\/politique-de-confidentialite\/","name":"Politique de confidentialit\u00e9 - Les Serres de Noisy","isPartOf":{"@id":"https:\/\/lesserresdenoisy.com\/#website"},"datePublished":"2024-11-25T11:35:06+00:00","dateModified":"2024-11-29T09:47:37+00:00","description":"D\u00e9couvrez notre politique de confidentialit\u00e9 : nous nous engageons \u00e0 garantir la s\u00e9curit\u00e9 et la transparence de vos informations.","breadcrumb":{"@id":"https:\/\/lesserresdenoisy.com\/index.php\/politique-de-confidentialite\/#breadcrumb"},"inLanguage":"fr-FR","potentialAction":[{"@type":"ReadAction","target":["https:\/\/lesserresdenoisy.com\/index.php\/politique-de-confidentialite\/"]}]},{"@type":"BreadcrumbList","@id":"https:\/\/lesserresdenoisy.com\/index.php\/politique-de-confidentialite\/#breadcrumb","itemListElement":[{"@type":"ListItem","position":1,"name":"Accueil","item":"https:\/\/lesserresdenoisy.com\/"},{"@type":"ListItem","position":2,"name":"Politique de confidentialit\u00e9"}]},{"@type":"WebSite","@id":"https:\/\/lesserresdenoisy.com\/#website","url":"https:\/\/lesserresdenoisy.com\/","name":"Les Serres de Noisy","description":"Producteur \u00e0 votre service","publisher":{"@id":"https:\/\/lesserresdenoisy.com\/#organization"},"potentialAction":[{"@type":"SearchAction","target":{"@type":"EntryPoint","urlTemplate":"https:\/\/lesserresdenoisy.com\/?s={search_term_string}"},"query-input":{"@type":"PropertyValueSpecification","valueRequired":true,"valueName":"search_term_string"}}],"inLanguage":"fr-FR"},{"@type":"Organization","@id":"https:\/\/lesserresdenoisy.com\/#organization","name":"Les Serres de Noisy","url":"https:\/\/lesserresdenoisy.com\/","logo":{"@type":"ImageObject","inLanguage":"fr-FR","@id":"https:\/\/lesserresdenoisy.com\/#\/schema\/logo\/image\/","url":"https:\/\/lesserresdenoisy.com\/wp-content\/uploads\/2024\/11\/cropped-cropped-7-1.png","contentUrl":"https:\/\/lesserresdenoisy.com\/wp-content\/uploads\/2024\/11\/cropped-cropped-7-1.png","width":292,"height":283,"caption":"Les Serres de Noisy"},"image":{"@id":"https:\/\/lesserresdenoisy.com\/#\/schema\/logo\/image\/"},"sameAs":["https:\/\/www.facebook.com\/lesserresdenoisy"]}]}},"_links":{"self":[{"href":"https:\/\/lesserresdenoisy.com\/index.php\/wp-json\/wp\/v2\/pages\/49","targetHints":{"allow":["GET"]}}],"collection":[{"href":"https:\/\/lesserresdenoisy.com\/index.php\/wp-json\/wp\/v2\/pages"}],"about":[{"href":"https:\/\/lesserresdenoisy.com\/index.php\/wp-json\/wp\/v2\/types\/page"}],"author":[{"embeddable":true,"href":"https:\/\/lesserresdenoisy.com\/index.php\/wp-json\/wp\/v2\/users\/1"}],"replies":[{"embeddable":true,"href":"https:\/\/lesserresdenoisy.com\/index.php\/wp-json\/wp\/v2\/comments?post=49"}],"version-history":[{"count":3,"href":"https:\/\/lesserresdenoisy.com\/index.php\/wp-json\/wp\/v2\/pages\/49\/revisions"}],"predecessor-version":[{"id":138,"href":"https:\/\/lesserresdenoisy.com\/index.php\/wp-json\/wp\/v2\/pages\/49\/revisions\/138"}],"wp:attachment":[{"href":"https:\/\/lesserresdenoisy.com\/index.php\/wp-json\/wp\/v2\/media?parent=49"}],"curies":[{"name":"wp","href":"https:\/\/api.w.org\/{rel}","templated":true}]}}