{"id":398,"date":"2025-03-27T14:12:23","date_gmt":"2025-03-27T13:12:23","guid":{"rendered":"https:\/\/lesserresdenoisy.com\/?page_id=398"},"modified":"2025-04-02T13:13:08","modified_gmt":"2025-04-02T11:13:08","slug":"actualites","status":"publish","type":"page","link":"https:\/\/lesserresdenoisy.com\/index.php\/actualites\/","title":{"rendered":"Actualit\u00e9s"},"content":{"rendered":"\n<p class=\"has-black-color has-text-color has-link-color wp-elements-afd560d3a0de73813c0a194c4d750897\" style=\"font-size:16px\">D\u00e9couvrez ici toutes nos actualit\u00e9s et \u00e9v\u00e9nements qui animent notre passion pour les plantes et notre engagement envers notre communaut\u00e9.<\/p>\n\n\n\n<div class=\"wp-block-cover\" style=\"min-height:261px;aspect-ratio:unset;\"><span aria-hidden=\"true\" class=\"wp-block-cover__background has-ast-global-color-7-background-color has-background-dim-60 has-background-dim\"><\/span><img fetchpriority=\"high\" decoding=\"async\" width=\"2560\" height=\"1440\" class=\"wp-block-cover__image-background wp-image-181\" alt=\"\" src=\"https:\/\/lesserresdenoisy.com\/wp-content\/uploads\/2024\/11\/pexels-mikebirdy-109821-scaled.jpg\" data-object-fit=\"cover\" srcset=\"https:\/\/lesserresdenoisy.com\/wp-content\/uploads\/2024\/11\/pexels-mikebirdy-109821-scaled.jpg 2560w, https:\/\/lesserresdenoisy.com\/wp-content\/uploads\/2024\/11\/pexels-mikebirdy-109821-300x169.jpg 300w, https:\/\/lesserresdenoisy.com\/wp-content\/uploads\/2024\/11\/pexels-mikebirdy-109821-1024x576.jpg 1024w, https:\/\/lesserresdenoisy.com\/wp-content\/uploads\/2024\/11\/pexels-mikebirdy-109821-768x432.jpg 768w, https:\/\/lesserresdenoisy.com\/wp-content\/uploads\/2024\/11\/pexels-mikebirdy-109821-1536x864.jpg 1536w, https:\/\/lesserresdenoisy.com\/wp-content\/uploads\/2024\/11\/pexels-mikebirdy-109821-2048x1152.jpg 2048w\" sizes=\"(max-width: 2560px) 100vw, 2560px\" \/><div class=\"wp-block-cover__inner-container is-layout-constrained wp-block-cover-is-layout-constrained\">\n<p><\/p>\n\n\n\n<p class=\"has-text-align-center has-white-color has-text-color has-link-color has-large-font-size wp-elements-3576ec728a420140645e8d1c9b629dd6\">Cette ann\u00e9e, venez f\u00eater avec nous les 90 ans de la maison Duthoit !<\/p>\n<\/div><\/div>\n\n\n\n<div style=\"height:61px\" aria-hidden=\"true\" class=\"wp-block-spacer\"><\/div>\n\n\n\n<p class=\"has-black-color has-text-color has-link-color wp-elements-c4a3faef66d8890f3ef49e04d78d875e\" style=\"font-size:16px\">Du samedi 19 avril au lundi 21 avril, rejoignez-nous pour c\u00e9l\u00e9brer ensemble 90 ans de passion horticole !  Venez partager ce moment unique avec nous, d\u00e9couvrir notre savoir-faire transmis de g\u00e9n\u00e9ration en g\u00e9n\u00e9ration et profiter d&rsquo;animations sp\u00e9ciales tout au long du week-end.<\/p>\n\n\n\n<h3 class=\"wp-block-heading\">Au programme :<\/h3>\n\n\n\n<p class=\"has-black-color has-text-color has-link-color wp-elements-a139b1afdd548c88caa14e05721366d6\" style=\"font-size:16px\">Lors de votre visite profitez d&rsquo;un programme riche en d\u00e9couverte et gourmandises :<\/p>\n\n\n\n<div class=\"wp-block-group is-nowrap is-layout-flex wp-container-core-group-is-layout-6c531013 wp-block-group-is-layout-flex\">\n<ul class=\"wp-block-list\">\n<li class=\"has-black-color has-text-color has-link-color wp-elements-2ad888845c79e9d42626132f66350142\" style=\"font-size:16px\">Vente direct : d\u00e9gustez et achetez le Miel de Rennemoulin, un produit local au go\u00fbt authentique,<\/li>\n\n\n\n<li class=\"has-black-color has-text-color has-link-color wp-elements-ec51ff62e9db4fa593e5b313ed688524\" style=\"font-size:16px\">Visite des serres : Plongez au couer de notre univers horticole et d\u00e9couvrez notre savoir-fair transmis depuis 90 ans,\n<ul class=\"wp-block-list\">\n<li><em>visible le samedi 19, dimanche 20 et lundi 21 avril \u00e0 10h30 et 14. Visite <strong>gratuite<\/strong> mais r\u00e9servation <strong>OBLIGATOIRE<\/strong>.<\/em><\/li>\n<\/ul>\n<\/li>\n\n\n\n<li class=\"has-black-color has-text-color has-link-color wp-elements-6689436667317c237baf04a3195cd8ab\" style=\"font-size:16px\">Ateliers pour petits et grands :\n<ul class=\"wp-block-list\">\n<li>Cr\u00e9ez votre propre jardini\u00e8re : atelier le dimanche 2\u00e0 et le lundi 21 avril \u00e0 10h. <em>Tarif : 25\u20ac et r\u00e9servation <strong>OBLIGATOIRE<\/strong>.<\/em><\/li>\n\n\n\n<li>Repiquage de poivrons : repartez avec votre poivron ! <em>Atelier <strong>gratuit<\/strong> mais r\u00e9servation <strong>OBLIGATOIRE<\/strong>.<\/em><\/li>\n\n\n\n<li>Atelier sur les plantes aromatiques : sentez et reconnaissez diff\u00e9rentes plantes aromatiques et tentez de remportez des cadeaux ! <em>Pas de r\u00e9servation n\u00e9c\u00e9sssaire et atelier gratuit.<\/em><\/li>\n<\/ul>\n<\/li>\n\n\n\n<li class=\"has-black-color has-text-color has-link-color wp-elements-e3dda4b4884817a689de205dbcd4b2b3\" style=\"font-size:16px\">Exposition photo : Voyagez \u00e0 travers l&rsquo;histoire et l&rsquo;\u00e9volution de notre entreprise familiale !<\/li>\n<\/ul>\n<\/div>\n\n\n\n<figure class=\"wp-block-gallery has-nested-images columns-4 is-cropped wp-block-gallery-1 is-layout-flex wp-block-gallery-is-layout-flex\">\n<figure class=\"wp-block-image size-full\"><img decoding=\"async\" width=\"720\" height=\"960\" data-id=\"407\" src=\"https:\/\/lesserresdenoisy.com\/wp-content\/uploads\/2025\/03\/485356517_546634228455674_4744978138594276040_n.jpg\" alt=\"actualit\u00e9s\" class=\"wp-image-407\" srcset=\"https:\/\/lesserresdenoisy.com\/wp-content\/uploads\/2025\/03\/485356517_546634228455674_4744978138594276040_n.jpg 720w, https:\/\/lesserresdenoisy.com\/wp-content\/uploads\/2025\/03\/485356517_546634228455674_4744978138594276040_n-225x300.jpg 225w\" sizes=\"(max-width: 720px) 100vw, 720px\" \/><figcaption class=\"wp-element-caption\">Azal\u00e9e<\/figcaption><\/figure>\n\n\n\n<figure class=\"wp-block-image size-large\"><img decoding=\"async\" width=\"720\" height=\"960\" data-id=\"404\" src=\"https:\/\/lesserresdenoisy.com\/wp-content\/uploads\/2025\/03\/485462443_1051962866756433_4622749854323516573_n.jpg\" alt=\"crocus\" class=\"wp-image-404\" srcset=\"https:\/\/lesserresdenoisy.com\/wp-content\/uploads\/2025\/03\/485462443_1051962866756433_4622749854323516573_n.jpg 720w, https:\/\/lesserresdenoisy.com\/wp-content\/uploads\/2025\/03\/485462443_1051962866756433_4622749854323516573_n-225x300.jpg 225w\" sizes=\"(max-width: 720px) 100vw, 720px\" \/><figcaption class=\"wp-element-caption\">Crocus<\/figcaption><\/figure>\n\n\n\n<figure class=\"wp-block-image size-large\"><img loading=\"lazy\" decoding=\"async\" width=\"576\" height=\"1024\" data-id=\"405\" src=\"https:\/\/lesserresdenoisy.com\/wp-content\/uploads\/2025\/03\/485040274_1862571650948915_5172956599417704200_n-576x1024.jpg\" alt=\"actualit\u00e9s\" class=\"wp-image-405\" srcset=\"https:\/\/lesserresdenoisy.com\/wp-content\/uploads\/2025\/03\/485040274_1862571650948915_5172956599417704200_n-576x1024.jpg 576w, https:\/\/lesserresdenoisy.com\/wp-content\/uploads\/2025\/03\/485040274_1862571650948915_5172956599417704200_n-169x300.jpg 169w, https:\/\/lesserresdenoisy.com\/wp-content\/uploads\/2025\/03\/485040274_1862571650948915_5172956599417704200_n.jpg 720w\" sizes=\"(max-width: 576px) 100vw, 576px\" \/><figcaption class=\"wp-element-caption\">Nos serres de production en Seine et Marne<\/figcaption><\/figure>\n\n\n\n<figure class=\"wp-block-image size-large\"><img loading=\"lazy\" decoding=\"async\" width=\"720\" height=\"960\" data-id=\"400\" src=\"https:\/\/lesserresdenoisy.com\/wp-content\/uploads\/2025\/03\/image.png\" alt=\"\" class=\"wp-image-400\" srcset=\"https:\/\/lesserresdenoisy.com\/wp-content\/uploads\/2025\/03\/image.png 720w, https:\/\/lesserresdenoisy.com\/wp-content\/uploads\/2025\/03\/image-225x300.png 225w\" sizes=\"(max-width: 720px) 100vw, 720px\" \/><figcaption class=\"wp-element-caption\">Miel de Rennemoulin<\/figcaption><\/figure>\n<\/figure>\n\n\n\n<p class=\"has-text-align-center has-black-color has-text-color has-link-color wp-elements-8f485cf8737b6d3c7fd7ce25aa16e106\" style=\"font-size:20px\"><strong>Pour r\u00e9server un atelier ou une visite : <\/strong><\/p>\n\n\n\n<div class=\"wp-block-buttons is-content-justification-center is-layout-flex wp-container-core-buttons-is-layout-a89b3969 wp-block-buttons-is-layout-flex\">\n<div class=\"wp-block-button\"><a class=\"wp-block-button__link wp-element-button\" href=\"https:\/\/lesserresdenoisy.com\/index.php\/contact-serres-noisy\/\"><strong>Contactez nous !<\/strong><\/a><\/div>\n<\/div>\n\n\n\n<figure class=\"wp-block-gallery has-nested-images columns-default is-cropped wp-block-gallery-2 is-layout-flex wp-block-gallery-is-layout-flex\">\n<figure class=\"wp-block-image size-large\"><img loading=\"lazy\" decoding=\"async\" width=\"1024\" height=\"1024\" data-id=\"403\" src=\"https:\/\/lesserresdenoisy.com\/wp-content\/uploads\/2025\/03\/1-1024x1024.png\" alt=\"actulalit\u00e9s serres de noisy\" class=\"wp-image-403\" srcset=\"https:\/\/lesserresdenoisy.com\/wp-content\/uploads\/2025\/03\/1-1024x1024.png 1024w, https:\/\/lesserresdenoisy.com\/wp-content\/uploads\/2025\/03\/1-300x300.png 300w, https:\/\/lesserresdenoisy.com\/wp-content\/uploads\/2025\/03\/1-150x150.png 150w, https:\/\/lesserresdenoisy.com\/wp-content\/uploads\/2025\/03\/1-768x768.png 768w, https:\/\/lesserresdenoisy.com\/wp-content\/uploads\/2025\/03\/1.png 1080w\" sizes=\"(max-width: 1024px) 100vw, 1024px\" \/><\/figure>\n\n\n\n<figure class=\"wp-block-image size-large\"><img loading=\"lazy\" decoding=\"async\" width=\"1024\" height=\"1024\" data-id=\"417\" src=\"https:\/\/lesserresdenoisy.com\/wp-content\/uploads\/2025\/04\/Post-Facebook-Les-serres-de-noisy-1024x1024.png\" alt=\"actualit\u00e9s\n\" class=\"wp-image-417\" srcset=\"https:\/\/lesserresdenoisy.com\/wp-content\/uploads\/2025\/04\/Post-Facebook-Les-serres-de-noisy-1024x1024.png 1024w, https:\/\/lesserresdenoisy.com\/wp-content\/uploads\/2025\/04\/Post-Facebook-Les-serres-de-noisy-300x300.png 300w, https:\/\/lesserresdenoisy.com\/wp-content\/uploads\/2025\/04\/Post-Facebook-Les-serres-de-noisy-150x150.png 150w, https:\/\/lesserresdenoisy.com\/wp-content\/uploads\/2025\/04\/Post-Facebook-Les-serres-de-noisy-768x768.png 768w, https:\/\/lesserresdenoisy.com\/wp-content\/uploads\/2025\/04\/Post-Facebook-Les-serres-de-noisy.png 1080w\" sizes=\"(max-width: 1024px) 100vw, 1024px\" \/><\/figure>\n\n\n\n<figure class=\"wp-block-image size-large\"><img loading=\"lazy\" decoding=\"async\" width=\"1080\" height=\"1080\" data-id=\"401\" src=\"https:\/\/lesserresdenoisy.com\/wp-content\/uploads\/2025\/03\/4-1024x1024.png\" alt=\"actulalit\u00e9s serres de noisy\" class=\"wp-image-401\" srcset=\"https:\/\/lesserresdenoisy.com\/wp-content\/uploads\/2025\/03\/4-1024x1024.png 1024w, https:\/\/lesserresdenoisy.com\/wp-content\/uploads\/2025\/03\/4-300x300.png 300w, https:\/\/lesserresdenoisy.com\/wp-content\/uploads\/2025\/03\/4-150x150.png 150w, https:\/\/lesserresdenoisy.com\/wp-content\/uploads\/2025\/03\/4-768x768.png 768w, https:\/\/lesserresdenoisy.com\/wp-content\/uploads\/2025\/03\/4.png 1080w\" sizes=\"(max-width: 1080px) 100vw, 1080px\" \/><\/figure>\n<\/figure>\n\n\n\n<div class=\"wp-block-buttons is-content-justification-center is-layout-flex wp-container-core-buttons-is-layout-a89b3969 wp-block-buttons-is-layout-flex\">\n<div class=\"wp-block-button\"><a class=\"wp-block-button__link wp-element-button\" href=\"https:\/\/www.facebook.com\/lesserresdenoisy\"><strong>Suivez nos actualit\u00e9s sur Facebook<\/strong><\/a><\/div>\n<\/div>\n\n\n\n<p><\/p>\n","protected":false},"excerpt":{"rendered":"<p>D\u00e9couvrez ici toutes nos actualit\u00e9s et \u00e9v\u00e9nements qui animent notre passion pour les plantes et notre engagement envers notre communaut\u00e9. [&hellip;]<\/p>\n","protected":false},"author":1,"featured_media":0,"parent":0,"menu_order":0,"comment_status":"closed","ping_status":"closed","template":"","meta":{"_eb_attr":"","site-sidebar-layout":"default","site-content-layout":"","ast-site-content-layout":"","site-content-style":"default","site-sidebar-style":"default","ast-global-header-display":"","ast-banner-title-visibility":"","ast-main-header-display":"","ast-hfb-above-header-display":"","ast-hfb-below-header-display":"","ast-hfb-mobile-header-display":"","site-post-title":"","ast-breadcrumbs-content":"","ast-featured-img":"","footer-sml-layout":"","theme-transparent-header-meta":"","adv-header-id-meta":"","stick-header-meta":"","header-above-stick-meta":"","header-main-stick-meta":"","header-below-stick-meta":"","astra-migrate-meta-layouts":"default","ast-page-background-enabled":"default","ast-page-background-meta":{"desktop":{"background-color":"var(--ast-global-color-4)","background-image":"","background-repeat":"repeat","background-position":"center center","background-size":"auto","background-attachment":"scroll","background-type":"","background-media":"","overlay-type":"","overlay-color":"","overlay-opacity":"","overlay-gradient":""},"tablet":{"background-color":"","background-image":"","background-repeat":"repeat","background-position":"center center","background-size":"auto","background-attachment":"scroll","background-type":"","background-media":"","overlay-type":"","overlay-color":"","overlay-opacity":"","overlay-gradient":""},"mobile":{"background-color":"","background-image":"","background-repeat":"repeat","background-position":"center center","background-size":"auto","background-attachment":"scroll","background-type":"","background-media":"","overlay-type":"","overlay-color":"","overlay-opacity":"","overlay-gradient":""}},"ast-content-background-meta":{"desktop":{"background-color":"var(--ast-global-color-5)","background-image":"","background-repeat":"repeat","background-position":"center center","background-size":"auto","background-attachment":"scroll","background-type":"","background-media":"","overlay-type":"","overlay-color":"","overlay-opacity":"","overlay-gradient":""},"tablet":{"background-color":"var(--ast-global-color-5)","background-image":"","background-repeat":"repeat","background-position":"center center","background-size":"auto","background-attachment":"scroll","background-type":"","background-media":"","overlay-type":"","overlay-color":"","overlay-opacity":"","overlay-gradient":""},"mobile":{"background-color":"var(--ast-global-color-5)","background-image":"","background-repeat":"repeat","background-position":"center center","background-size":"auto","background-attachment":"scroll","background-type":"","background-media":"","overlay-type":"","overlay-color":"","overlay-opacity":"","overlay-gradient":""}},"footnotes":""},"class_list":["post-398","page","type-page","status-publish","hentry"],"yoast_head":"<!-- This site is optimized with the Yoast SEO plugin v25.9 - https:\/\/yoast.com\/wordpress\/plugins\/seo\/ -->\n<title>Actualit\u00e9s - Les Serres de Noisy<\/title>\n<meta name=\"description\" content=\"D\u00e9couvrez les actualit\u00e9s des Serres de Noisy, horticulteur familial. Suivez nos \u00e9v\u00e9nements, et conseils pour les passionn\u00e9s de jardinage.\" \/>\n<meta name=\"robots\" content=\"index, follow, max-snippet:-1, max-image-preview:large, max-video-preview:-1\" \/>\n<link rel=\"canonical\" href=\"https:\/\/lesserresdenoisy.com\/index.php\/actualites\/\" \/>\n<meta property=\"og:locale\" content=\"fr_FR\" \/>\n<meta property=\"og:type\" content=\"article\" \/>\n<meta property=\"og:title\" content=\"Actualit\u00e9s - Les Serres de Noisy\" \/>\n<meta property=\"og:description\" content=\"D\u00e9couvrez les actualit\u00e9s des Serres de Noisy, horticulteur familial. Suivez nos \u00e9v\u00e9nements, et conseils pour les passionn\u00e9s de jardinage.\" \/>\n<meta property=\"og:url\" content=\"https:\/\/lesserresdenoisy.com\/index.php\/actualites\/\" \/>\n<meta property=\"og:site_name\" content=\"Les Serres de Noisy\" \/>\n<meta property=\"article:publisher\" content=\"https:\/\/www.facebook.com\/lesserresdenoisy\" \/>\n<meta property=\"article:modified_time\" content=\"2025-04-02T11:13:08+00:00\" \/>\n<meta property=\"og:image\" content=\"https:\/\/lesserresdenoisy.com\/wp-content\/uploads\/2024\/11\/pexels-mikebirdy-109821-scaled.jpg\" \/>\n\t<meta property=\"og:image:width\" content=\"2560\" \/>\n\t<meta property=\"og:image:height\" content=\"1440\" \/>\n\t<meta property=\"og:image:type\" content=\"image\/jpeg\" \/>\n<meta name=\"twitter:card\" content=\"summary_large_image\" \/>\n<meta name=\"twitter:label1\" content=\"Dur\u00e9e de lecture estim\u00e9e\" \/>\n\t<meta name=\"twitter:data1\" content=\"3 minutes\" \/>\n<script type=\"application\/ld+json\" class=\"yoast-schema-graph\">{\"@context\":\"https:\/\/schema.org\",\"@graph\":[{\"@type\":\"WebPage\",\"@id\":\"https:\/\/lesserresdenoisy.com\/index.php\/actualites\/\",\"url\":\"https:\/\/lesserresdenoisy.com\/index.php\/actualites\/\",\"name\":\"Actualit\u00e9s - Les Serres de Noisy\",\"isPartOf\":{\"@id\":\"https:\/\/lesserresdenoisy.com\/#website\"},\"primaryImageOfPage\":{\"@id\":\"https:\/\/lesserresdenoisy.com\/index.php\/actualites\/#primaryimage\"},\"image\":{\"@id\":\"https:\/\/lesserresdenoisy.com\/index.php\/actualites\/#primaryimage\"},\"thumbnailUrl\":\"https:\/\/lesserresdenoisy.com\/wp-content\/uploads\/2024\/11\/pexels-mikebirdy-109821-scaled.jpg\",\"datePublished\":\"2025-03-27T13:12:23+00:00\",\"dateModified\":\"2025-04-02T11:13:08+00:00\",\"description\":\"D\u00e9couvrez les actualit\u00e9s des Serres de Noisy, horticulteur familial. Suivez nos \u00e9v\u00e9nements, et conseils pour les passionn\u00e9s de jardinage.\",\"breadcrumb\":{\"@id\":\"https:\/\/lesserresdenoisy.com\/index.php\/actualites\/#breadcrumb\"},\"inLanguage\":\"fr-FR\",\"potentialAction\":[{\"@type\":\"ReadAction\",\"target\":[\"https:\/\/lesserresdenoisy.com\/index.php\/actualites\/\"]}]},{\"@type\":\"ImageObject\",\"inLanguage\":\"fr-FR\",\"@id\":\"https:\/\/lesserresdenoisy.com\/index.php\/actualites\/#primaryimage\",\"url\":\"https:\/\/lesserresdenoisy.com\/wp-content\/uploads\/2024\/11\/pexels-mikebirdy-109821-scaled.jpg\",\"contentUrl\":\"https:\/\/lesserresdenoisy.com\/wp-content\/uploads\/2024\/11\/pexels-mikebirdy-109821-scaled.jpg\"},{\"@type\":\"BreadcrumbList\",\"@id\":\"https:\/\/lesserresdenoisy.com\/index.php\/actualites\/#breadcrumb\",\"itemListElement\":[{\"@type\":\"ListItem\",\"position\":1,\"name\":\"Accueil\",\"item\":\"https:\/\/lesserresdenoisy.com\/\"},{\"@type\":\"ListItem\",\"position\":2,\"name\":\"Actualit\u00e9s\"}]},{\"@type\":\"WebSite\",\"@id\":\"https:\/\/lesserresdenoisy.com\/#website\",\"url\":\"https:\/\/lesserresdenoisy.com\/\",\"name\":\"Les Serres de Noisy\",\"description\":\"Producteur \u00e0 votre service\",\"publisher\":{\"@id\":\"https:\/\/lesserresdenoisy.com\/#organization\"},\"potentialAction\":[{\"@type\":\"SearchAction\",\"target\":{\"@type\":\"EntryPoint\",\"urlTemplate\":\"https:\/\/lesserresdenoisy.com\/?s={search_term_string}\"},\"query-input\":{\"@type\":\"PropertyValueSpecification\",\"valueRequired\":true,\"valueName\":\"search_term_string\"}}],\"inLanguage\":\"fr-FR\"},{\"@type\":\"Organization\",\"@id\":\"https:\/\/lesserresdenoisy.com\/#organization\",\"name\":\"Les Serres de Noisy\",\"url\":\"https:\/\/lesserresdenoisy.com\/\",\"logo\":{\"@type\":\"ImageObject\",\"inLanguage\":\"fr-FR\",\"@id\":\"https:\/\/lesserresdenoisy.com\/#\/schema\/logo\/image\/\",\"url\":\"https:\/\/lesserresdenoisy.com\/wp-content\/uploads\/2024\/11\/cropped-cropped-7-1.png\",\"contentUrl\":\"https:\/\/lesserresdenoisy.com\/wp-content\/uploads\/2024\/11\/cropped-cropped-7-1.png\",\"width\":292,\"height\":283,\"caption\":\"Les Serres de Noisy\"},\"image\":{\"@id\":\"https:\/\/lesserresdenoisy.com\/#\/schema\/logo\/image\/\"},\"sameAs\":[\"https:\/\/www.facebook.com\/lesserresdenoisy\"]}]}<\/script>\n<!-- \/ Yoast SEO plugin. -->","yoast_head_json":{"title":"Actualit\u00e9s - Les Serres de Noisy","description":"D\u00e9couvrez les actualit\u00e9s des Serres de Noisy, horticulteur familial. Suivez nos \u00e9v\u00e9nements, et conseils pour les passionn\u00e9s de jardinage.","robots":{"index":"index","follow":"follow","max-snippet":"max-snippet:-1","max-image-preview":"max-image-preview:large","max-video-preview":"max-video-preview:-1"},"canonical":"https:\/\/lesserresdenoisy.com\/index.php\/actualites\/","og_locale":"fr_FR","og_type":"article","og_title":"Actualit\u00e9s - Les Serres de Noisy","og_description":"D\u00e9couvrez les actualit\u00e9s des Serres de Noisy, horticulteur familial. Suivez nos \u00e9v\u00e9nements, et conseils pour les passionn\u00e9s de jardinage.","og_url":"https:\/\/lesserresdenoisy.com\/index.php\/actualites\/","og_site_name":"Les Serres de Noisy","article_publisher":"https:\/\/www.facebook.com\/lesserresdenoisy","article_modified_time":"2025-04-02T11:13:08+00:00","og_image":[{"width":2560,"height":1440,"url":"https:\/\/lesserresdenoisy.com\/wp-content\/uploads\/2024\/11\/pexels-mikebirdy-109821-scaled.jpg","type":"image\/jpeg"}],"twitter_card":"summary_large_image","twitter_misc":{"Dur\u00e9e de lecture estim\u00e9e":"3 minutes"},"schema":{"@context":"https:\/\/schema.org","@graph":[{"@type":"WebPage","@id":"https:\/\/lesserresdenoisy.com\/index.php\/actualites\/","url":"https:\/\/lesserresdenoisy.com\/index.php\/actualites\/","name":"Actualit\u00e9s - Les Serres de Noisy","isPartOf":{"@id":"https:\/\/lesserresdenoisy.com\/#website"},"primaryImageOfPage":{"@id":"https:\/\/lesserresdenoisy.com\/index.php\/actualites\/#primaryimage"},"image":{"@id":"https:\/\/lesserresdenoisy.com\/index.php\/actualites\/#primaryimage"},"thumbnailUrl":"https:\/\/lesserresdenoisy.com\/wp-content\/uploads\/2024\/11\/pexels-mikebirdy-109821-scaled.jpg","datePublished":"2025-03-27T13:12:23+00:00","dateModified":"2025-04-02T11:13:08+00:00","description":"D\u00e9couvrez les actualit\u00e9s des Serres de Noisy, horticulteur familial. Suivez nos \u00e9v\u00e9nements, et conseils pour les passionn\u00e9s de jardinage.","breadcrumb":{"@id":"https:\/\/lesserresdenoisy.com\/index.php\/actualites\/#breadcrumb"},"inLanguage":"fr-FR","potentialAction":[{"@type":"ReadAction","target":["https:\/\/lesserresdenoisy.com\/index.php\/actualites\/"]}]},{"@type":"ImageObject","inLanguage":"fr-FR","@id":"https:\/\/lesserresdenoisy.com\/index.php\/actualites\/#primaryimage","url":"https:\/\/lesserresdenoisy.com\/wp-content\/uploads\/2024\/11\/pexels-mikebirdy-109821-scaled.jpg","contentUrl":"https:\/\/lesserresdenoisy.com\/wp-content\/uploads\/2024\/11\/pexels-mikebirdy-109821-scaled.jpg"},{"@type":"BreadcrumbList","@id":"https:\/\/lesserresdenoisy.com\/index.php\/actualites\/#breadcrumb","itemListElement":[{"@type":"ListItem","position":1,"name":"Accueil","item":"https:\/\/lesserresdenoisy.com\/"},{"@type":"ListItem","position":2,"name":"Actualit\u00e9s"}]},{"@type":"WebSite","@id":"https:\/\/lesserresdenoisy.com\/#website","url":"https:\/\/lesserresdenoisy.com\/","name":"Les Serres de Noisy","description":"Producteur \u00e0 votre service","publisher":{"@id":"https:\/\/lesserresdenoisy.com\/#organization"},"potentialAction":[{"@type":"SearchAction","target":{"@type":"EntryPoint","urlTemplate":"https:\/\/lesserresdenoisy.com\/?s={search_term_string}"},"query-input":{"@type":"PropertyValueSpecification","valueRequired":true,"valueName":"search_term_string"}}],"inLanguage":"fr-FR"},{"@type":"Organization","@id":"https:\/\/lesserresdenoisy.com\/#organization","name":"Les Serres de Noisy","url":"https:\/\/lesserresdenoisy.com\/","logo":{"@type":"ImageObject","inLanguage":"fr-FR","@id":"https:\/\/lesserresdenoisy.com\/#\/schema\/logo\/image\/","url":"https:\/\/lesserresdenoisy.com\/wp-content\/uploads\/2024\/11\/cropped-cropped-7-1.png","contentUrl":"https:\/\/lesserresdenoisy.com\/wp-content\/uploads\/2024\/11\/cropped-cropped-7-1.png","width":292,"height":283,"caption":"Les Serres de Noisy"},"image":{"@id":"https:\/\/lesserresdenoisy.com\/#\/schema\/logo\/image\/"},"sameAs":["https:\/\/www.facebook.com\/lesserresdenoisy"]}]}},"_links":{"self":[{"href":"https:\/\/lesserresdenoisy.com\/index.php\/wp-json\/wp\/v2\/pages\/398","targetHints":{"allow":["GET"]}}],"collection":[{"href":"https:\/\/lesserresdenoisy.com\/index.php\/wp-json\/wp\/v2\/pages"}],"about":[{"href":"https:\/\/lesserresdenoisy.com\/index.php\/wp-json\/wp\/v2\/types\/page"}],"author":[{"embeddable":true,"href":"https:\/\/lesserresdenoisy.com\/index.php\/wp-json\/wp\/v2\/users\/1"}],"replies":[{"embeddable":true,"href":"https:\/\/lesserresdenoisy.com\/index.php\/wp-json\/wp\/v2\/comments?post=398"}],"version-history":[{"count":7,"href":"https:\/\/lesserresdenoisy.com\/index.php\/wp-json\/wp\/v2\/pages\/398\/revisions"}],"predecessor-version":[{"id":423,"href":"https:\/\/lesserresdenoisy.com\/index.php\/wp-json\/wp\/v2\/pages\/398\/revisions\/423"}],"wp:attachment":[{"href":"https:\/\/lesserresdenoisy.com\/index.php\/wp-json\/wp\/v2\/media?parent=398"}],"curies":[{"name":"wp","href":"https:\/\/api.w.org\/{rel}","templated":true}]}}